{"id":129,"date":"2021-05-27T13:33:04","date_gmt":"2021-05-27T17:33:04","guid":{"rendered":"http:\/\/lotr.schoolprojects.ca\/?page_id=129"},"modified":"2021-06-15T17:03:38","modified_gmt":"2021-06-15T21:03:38","slug":"eomer","status":"publish","type":"page","link":"https:\/\/lotr.schoolprojects.ca\/index.php\/eomer\/","title":{"rendered":"\u00c9omer"},"content":{"rendered":"\n<figure class=\"wp-block-image size-large is-resized\"><img loading=\"lazy\" decoding=\"async\" src=\"http:\/\/lotr.schoolprojects.ca\/wp-content\/uploads\/2021\/06\/Eomer.jpg\" alt=\"\" class=\"wp-image-373\" width=\"949\" height=\"615\" srcset=\"https:\/\/lotr.schoolprojects.ca\/wp-content\/uploads\/2021\/06\/Eomer.jpg 665w, https:\/\/lotr.schoolprojects.ca\/wp-content\/uploads\/2021\/06\/Eomer-300x194.jpg 300w\" sizes=\"auto, (max-width: 949px) 100vw, 949px\" \/><\/figure>\n\n\n\n<figure class=\"wp-block-table\"><table><tbody><tr><td>Nickname:<\/td><td>\u00c9omer<\/td><\/tr><tr><td>Birthday:<\/td><td>2991<\/td><\/tr><tr><td>Age:<\/td><td>28<\/td><\/tr><tr><td>Best Friend:<\/td><td><a href=\"http:\/\/lotr.schoolprojects.ca\/index.php\/eowyn\/\">\u00c9owyn<\/a><\/td><\/tr><tr><td>Hair Colour:<\/td><td>Goldish-Blonde<\/td><\/tr><tr><td>Eye Colour:<\/td><td>Brown<\/td><\/tr><tr><td>Parents:<\/td><td>Father: \u00c9omund; Mother: Theowyn<\/td><\/tr><tr><td>Titles:<\/td><td>&#8220;King of <a href=\"http:\/\/lotr.schoolprojects.ca\/index.php\/rohan\/\">Rohan<\/a>&#8220;<\/td><\/tr><tr><td>Race:<\/td><td><a href=\"http:\/\/lotr.schoolprojects.ca\/index.php\/man\/\">Man<\/a><\/td><\/tr><tr><td>Weapon:<\/td><td>Sword<\/td><\/tr><tr><td>Birth Realm:<\/td><td><a href=\"http:\/\/lotr.schoolprojects.ca\/index.php\/rohan\/\">Rohan<\/a><\/td><\/tr><tr><td>Actor:<\/td><td>Karl Urban<\/td><\/tr><\/tbody><\/table><\/figure>\n\n\n\n<p>Five Important Facts:<\/p>\n\n\n\n<ol class=\"wp-block-list\"><li>He was a sister named <a href=\"http:\/\/lotr.schoolprojects.ca\/index.php\/eowyn\/\">\u00c9owyn<\/a>.<\/li><\/ol>\n\n\n\n<p>2. He is the nephew of the King of <a href=\"http:\/\/lotr.schoolprojects.ca\/index.php\/rohan\/\">Rohan<\/a>.<\/p>\n\n\n\n<p>3. His mother was the sister to Th\u00e9oden, the King.<\/p>\n\n\n\n<p>4. While the King was under a mind spell, \u00c9omer was banished, along with many others.<\/p>\n\n\n\n<p>5. He became the King of <a href=\"http:\/\/lotr.schoolprojects.ca\/index.php\/rohan\/\">Rohan<\/a> after Th\u00e9oden died.<\/p>\n\n\n\n<figure class=\"wp-block-image size-large is-resized\"><img loading=\"lazy\" decoding=\"async\" src=\"http:\/\/lotr.schoolprojects.ca\/wp-content\/uploads\/2021\/06\/329fdf280ffbffd3ed1da502675bb491.jpeg\" alt=\"\" class=\"wp-image-375\" width=\"950\" height=\"796\" srcset=\"https:\/\/lotr.schoolprojects.ca\/wp-content\/uploads\/2021\/06\/329fdf280ffbffd3ed1da502675bb491.jpeg 500w, https:\/\/lotr.schoolprojects.ca\/wp-content\/uploads\/2021\/06\/329fdf280ffbffd3ed1da502675bb491-300x251.jpeg 300w\" sizes=\"auto, (max-width: 950px) 100vw, 950px\" \/><\/figure>\n","protected":false},"excerpt":{"rendered":"<p>Nickname: \u00c9omer Birthday: 2991 Age: 28 Best Friend: \u00c9owyn Hair Colour: Goldish-Blonde Eye Colour: Brown Parents: Father: \u00c9omund; Mother: Theowyn Titles: &#8220;King of Rohan&#8220; Race: Man Weapon: Sword Birth Realm: Rohan Actor: Karl Urban Five Important Facts: He was a sister named \u00c9owyn. 2. He is the nephew of the King of Rohan. 3. His &hellip; <\/p>\n<p class=\"link-more\"><a href=\"https:\/\/lotr.schoolprojects.ca\/index.php\/eomer\/\" class=\"more-link\">Read more<span class=\"screen-reader-text\"> &#8220;\u00c9omer&#8221;<\/span><\/a><\/p>\n","protected":false},"author":1,"featured_media":0,"parent":0,"menu_order":0,"comment_status":"closed","ping_status":"closed","template":"","meta":{"footnotes":""},"class_list":["post-129","page","type-page","status-publish","hentry"],"featured_media_urls":[],"_links":{"self":[{"href":"https:\/\/lotr.schoolprojects.ca\/index.php\/wp-json\/wp\/v2\/pages\/129","targetHints":{"allow":["GET"]}}],"collection":[{"href":"https:\/\/lotr.schoolprojects.ca\/index.php\/wp-json\/wp\/v2\/pages"}],"about":[{"href":"https:\/\/lotr.schoolprojects.ca\/index.php\/wp-json\/wp\/v2\/types\/page"}],"author":[{"embeddable":true,"href":"https:\/\/lotr.schoolprojects.ca\/index.php\/wp-json\/wp\/v2\/users\/1"}],"replies":[{"embeddable":true,"href":"https:\/\/lotr.schoolprojects.ca\/index.php\/wp-json\/wp\/v2\/comments?post=129"}],"version-history":[{"count":6,"href":"https:\/\/lotr.schoolprojects.ca\/index.php\/wp-json\/wp\/v2\/pages\/129\/revisions"}],"predecessor-version":[{"id":405,"href":"https:\/\/lotr.schoolprojects.ca\/index.php\/wp-json\/wp\/v2\/pages\/129\/revisions\/405"}],"wp:attachment":[{"href":"https:\/\/lotr.schoolprojects.ca\/index.php\/wp-json\/wp\/v2\/media?parent=129"}],"curies":[{"name":"wp","href":"https:\/\/api.w.org\/{rel}","templated":true}]}}