{"id":121,"date":"2021-05-27T13:33:04","date_gmt":"2021-05-27T17:33:04","guid":{"rendered":"http:\/\/lotr.schoolprojects.ca\/?page_id=121"},"modified":"2021-06-21T01:04:19","modified_gmt":"2021-06-21T05:04:19","slug":"lothlorien","status":"publish","type":"page","link":"https:\/\/lotr.schoolprojects.ca\/index.php\/lothlorien\/","title":{"rendered":"Lothl\u00f3rien"},"content":{"rendered":"\n<figure class=\"wp-block-image size-large\"><img loading=\"lazy\" decoding=\"async\" width=\"1024\" height=\"768\" src=\"http:\/\/lotr.schoolprojects.ca\/wp-content\/uploads\/2021\/06\/Lothlorien-E3-1024x768.jpeg\" alt=\"\" class=\"wp-image-332\" srcset=\"https:\/\/lotr.schoolprojects.ca\/wp-content\/uploads\/2021\/06\/Lothlorien-E3-1024x768.jpeg 1024w, https:\/\/lotr.schoolprojects.ca\/wp-content\/uploads\/2021\/06\/Lothlorien-E3-300x225.jpeg 300w, https:\/\/lotr.schoolprojects.ca\/wp-content\/uploads\/2021\/06\/Lothlorien-E3-768x576.jpeg 768w, https:\/\/lotr.schoolprojects.ca\/wp-content\/uploads\/2021\/06\/Lothlorien-E3-1536x1152.jpeg 1536w, https:\/\/lotr.schoolprojects.ca\/wp-content\/uploads\/2021\/06\/Lothlorien-E3-2000x1500.jpeg 2000w, https:\/\/lotr.schoolprojects.ca\/wp-content\/uploads\/2021\/06\/Lothlorien-E3-1800x1350.jpeg 1800w, https:\/\/lotr.schoolprojects.ca\/wp-content\/uploads\/2021\/06\/Lothlorien-E3.jpeg 2048w\" sizes=\"auto, (max-width: 1024px) 100vw, 1024px\" \/><\/figure>\n\n\n\n<p>Lothl\u00f3rien, or L\u00f3rien, is the kingdom of Galadriel and Celeborn.<\/p>\n\n\n\n<p>Lorien is one of the oldest kingdoms on Middle-Earth.<\/p>\n\n\n\n<p>Here is the meaning of its name to prove my point:<\/p>\n\n\n\n<blockquote class=\"wp-block-quote is-layout-flow wp-block-quote-is-layout-flow\"><p>This forest, originally known by its\u00a0<a href=\"https:\/\/lotr.fandom.com\/wiki\/Silvan\">Silvan<\/a>\u00a0names\u00a0<strong>Laurelind\u00f3rinan<\/strong>\u00a0(Land of the Valley of Singing\u00a0<a href=\"https:\/\/lotr.fandom.com\/wiki\/Gold\">Gold<\/a>) and\u00a0<strong>L\u00f3rinand<\/strong>\u00a0(Golden Valley), was renamed\u00a0<strong>Lothl\u00f3rien<\/strong>\u00a0(L\u00f3rien of the Blossom) in memory of the L\u00f3rien the \u00d1oldor left behind; but the name was often shortened to L\u00f3rien (&#8220;Land of Gold&#8221;, although it carried within it also the meaning of &#8220;dream&#8221;).\u00a0<a href=\"https:\/\/lotr.fandom.com\/wiki\/Treebeard\">Treebeard<\/a>\u00a0referred to the word\u00a0<strong>Lothl\u00f3rien<\/strong>\u00a0as &#8220;Dreamflower&#8221;. Other names given to the land include the\u00a0<a href=\"https:\/\/lotr.fandom.com\/wiki\/Rohirric\">Rohirric<\/a>\u00a0name\u00a0<strong>Dwimordene<\/strong>\u00a0(from\u00a0<em>dwimor<\/em>\u00a0&#8220;phantom&#8221;, an allusion to the perceived magic of the Elves), and the\u00a0<a href=\"https:\/\/lotr.fandom.com\/wiki\/Westron\">Westron<\/a>\u00a0name\u00a0<strong>The Golden Wood<\/strong>.<\/p><cite>Courtesy to the authors on the <a href=\"https:\/\/lotr.fandom.com\/wiki\/Main_Page\" data-type=\"URL\" data-id=\"https:\/\/lotr.fandom.com\/wiki\/Main_Page\" target=\"_blank\" rel=\"noreferrer noopener\">Lord of the Rings Fandom Site<\/a>!<\/cite><\/blockquote>\n\n\n\n<figure class=\"wp-block-image size-large is-resized\"><img loading=\"lazy\" decoding=\"async\" src=\"http:\/\/lotr.schoolprojects.ca\/wp-content\/uploads\/2021\/06\/lothlorien.jpg\" alt=\"\" class=\"wp-image-489\" width=\"949\" height=\"711\" srcset=\"https:\/\/lotr.schoolprojects.ca\/wp-content\/uploads\/2021\/06\/lothlorien.jpg 800w, https:\/\/lotr.schoolprojects.ca\/wp-content\/uploads\/2021\/06\/lothlorien-300x225.jpg 300w, https:\/\/lotr.schoolprojects.ca\/wp-content\/uploads\/2021\/06\/lothlorien-768x575.jpg 768w\" sizes=\"auto, (max-width: 949px) 100vw, 949px\" \/><\/figure>\n","protected":false},"excerpt":{"rendered":"<p>Lothl\u00f3rien, or L\u00f3rien, is the kingdom of Galadriel and Celeborn. Lorien is one of the oldest kingdoms on Middle-Earth. Here is the meaning of its name to prove my point: This forest, originally known by its\u00a0Silvan\u00a0names\u00a0Laurelind\u00f3rinan\u00a0(Land of the Valley of Singing\u00a0Gold) and\u00a0L\u00f3rinand\u00a0(Golden Valley), was renamed\u00a0Lothl\u00f3rien\u00a0(L\u00f3rien of the Blossom) in memory of the L\u00f3rien the \u00d1oldor &hellip; <\/p>\n<p class=\"link-more\"><a href=\"https:\/\/lotr.schoolprojects.ca\/index.php\/lothlorien\/\" class=\"more-link\">Read more<span class=\"screen-reader-text\"> &#8220;Lothl\u00f3rien&#8221;<\/span><\/a><\/p>\n","protected":false},"author":1,"featured_media":0,"parent":0,"menu_order":0,"comment_status":"closed","ping_status":"closed","template":"","meta":{"footnotes":""},"class_list":["post-121","page","type-page","status-publish","hentry"],"featured_media_urls":[],"_links":{"self":[{"href":"https:\/\/lotr.schoolprojects.ca\/index.php\/wp-json\/wp\/v2\/pages\/121","targetHints":{"allow":["GET"]}}],"collection":[{"href":"https:\/\/lotr.schoolprojects.ca\/index.php\/wp-json\/wp\/v2\/pages"}],"about":[{"href":"https:\/\/lotr.schoolprojects.ca\/index.php\/wp-json\/wp\/v2\/types\/page"}],"author":[{"embeddable":true,"href":"https:\/\/lotr.schoolprojects.ca\/index.php\/wp-json\/wp\/v2\/users\/1"}],"replies":[{"embeddable":true,"href":"https:\/\/lotr.schoolprojects.ca\/index.php\/wp-json\/wp\/v2\/comments?post=121"}],"version-history":[{"count":4,"href":"https:\/\/lotr.schoolprojects.ca\/index.php\/wp-json\/wp\/v2\/pages\/121\/revisions"}],"predecessor-version":[{"id":490,"href":"https:\/\/lotr.schoolprojects.ca\/index.php\/wp-json\/wp\/v2\/pages\/121\/revisions\/490"}],"wp:attachment":[{"href":"https:\/\/lotr.schoolprojects.ca\/index.php\/wp-json\/wp\/v2\/media?parent=121"}],"curies":[{"name":"wp","href":"https:\/\/api.w.org\/{rel}","templated":true}]}}